{"id":288,"date":"2023-09-09T06:18:04","date_gmt":"2023-09-09T06:18:04","guid":{"rendered":"https:\/\/kimthusetlpi.com\/?post_type=product&#038;p=288"},"modified":"2026-04-16T12:40:15","modified_gmt":"2026-04-16T12:40:15","slug":"thiet-bi-dem-set-stormaster-lpi-lsr2","status":"publish","type":"product","link":"https:\/\/kimthusetlpi.com\/en\/product\/thiet-bi-dem-set-stormaster-lpi-lsr2\/","title":{"rendered":"Thi\u1ebft b\u1ecb \u0111\u1ebfm s\u00e9t Stormaster LPI LSR2"},"content":{"rendered":"<h2><a href=\"https:\/\/kimthusetlpi.com\/en\/product\/thiet-bi-dem-set-stormaster-lpi-lsr2\/\">Thi\u1ebft b\u1ecb \u0111\u1ebfm s\u00e9t Stormaster LPI LSR2 ( lighting strike recorder)<\/a><\/h2>\n<p>\u2013 Thi\u1ebft b\u1ecb \u0111\u1ebfm s\u00e9t LPI LSR2 l\u00e0 thi\u1ebft b\u1ecb \u0111\u1ebfm s\u1ed1 l\u1ea7n s\u00e9t ho\u1eb7c xung s\u00e9t \u0111\u00e1nh. B\u1ed9 \u0111\u1ebfm s\u00e9t LPI LSR2 \u0111\u01b0\u1ee3c l\u1eafp v\u00e0o ph\u1ea7n d\u01b0\u1edbi c\u1ee7a c\u00e1p tho\u00e1t s\u00e9t ho\u1eb7c d\u00e2y d\u1eabn xu\u1ed1ng m\u1eb7t \u0111\u1ea5t. D\u00e2y d\u1eabn th\u01b0\u1eddng l\u00e0 c\u00e1p \u0111\u1ed3ng tr\u1ea7n, c\u00e1p b\u1ecdc, thanh \u0111\u00f4\u0300ng ho\u0103\u0323c ca\u0301p Thoa\u0301t Se\u0301t Ch\u00f4\u0301ng Nhi\u00ea\u0303u, 8 l\u01a1\u0301p<br \/>\n\u2013 \u00a0B\u1ed9 \u0111\u1ebfm s\u00e9t LPI LSR2 \u0111\u01b0\u1ee3c \u0111\u1eb7t \u1edf v\u1ecb tr\u00ed quan s\u00e1t th\u00f4ng th\u01b0\u1eddng \u0111\u1ed1i v\u1edbi d\u00e2y d\u1eabn th\u1eb3ng. Kh\u00f4ng c\u1ea7n ph\u1ea3i cung c\u00e2\u0301p ngu\u00f4\u0300n cho B\u1ed9 \u0110\u00ea\u0301m Se\u0301t<br \/>\n\u2013 Thi\u1ebft B\u1ecb \u0110\u1ebfm S\u00e9t LSR2 ho\u1ea1t \u0111\u1ed9ng b\u1eb1ng c\u00e1ch \u0111\u1ebfm d\u00f2ng \u0111i\u1ec7n nh\u1edd v\u00f2ng c\u1ea3m \u1ee9ng (sensivity). V\u00f2ng c\u1ea3m \u1ee9ng ch\u1ea1y d\u1ecdc su\u1ed1t m\u1eb7t trong \u1edf \u0111\u00e1y Thi\u1ebft B\u1ecb \u0110\u00ea\u0301m Se\u0301t LSR2. C\u00e1c xung \u0111i\u1ec7n \u00e1p b\u1ecb d\u00f2 b\u1edfi v\u00f2ng c\u1ea3m \u1ee9ng s\u1ebd \u0111\u01b0\u1ee3c d\u00f2ng bi\u1ebfn t\u1ea7n nh\u1eadn bi\u1ebft l\u00e0 m\u1ed9t xung s\u00e9t v\u00e0 sau \u0111\u00f3 \u0111\u01b0\u1ee3c d\u1eabn xu\u1ed1ng M\u00e1y \u0110\u1ebfm S\u00e9t. B\u1ed9 \u0110\u1ebfm Se\u0301t LSR2 \u0111\u01b0\u1ee3c \u0111\u1eb7t trong l\u1edbp b\u1ea3o v\u1ec7 b\u1eb1ng polycarbonate c\u1ea5p \u0111\u1ed9 b\u1ea3o v\u1ec7 IP67.<\/p>\n<h2>V\u00ec sao n\u00ean l\u1eafp <a href=\"https:\/\/kimthusetlpi.com\/en\/product\/thiet-bi-dem-set-stormaster-lpi-lsr2\/\">thi\u1ebft b\u1ecb \u0111\u1ebfm s\u00e9t Stormaster LPI LSR2<\/a>?<\/h2>\n<p>&#8211;\u00a0\u00a0\u00a0\u00a0B\u1ed9 \u0111\u1ebfm s\u00e9t LPI t\u1ef1 \u0111\u1ed9ng nh\u1ea3y sau m\u1ed7i l\u1ea7n s\u00e9t \u0111\u00e1nh. D\u1ef1a theo nguy\u00ean l\u00fd c\u1ea3m bi\u1ebfn xung 0.4kA\u00f7100kA.<br \/>\n&#8211;\u00a0\u00a0\u00a0\u00a0V\u00ec sao n\u00ean l\u1eafp Thi\u1ebft b\u1ecb \u0111\u1ebfm s\u00e9t tr\u1ef1c ti\u1ebfp LPI. B\u1edfi v\u00ec s\u1ebd gi\u00fap ta bi\u1ebft \u0111\u01b0\u1ee3c t\u00ecnh tr\u1ea1ng ho\u1ea1t \u0111\u1ed9ng c\u1ee7a kim thu s\u00e9t c\u00f3 b\u1ecb s\u00e9t \u0111\u00e1nh hay kh\u00f4ng, x\u00e1c l\u1eadp s\u1ed1 li\u1ec7u cho c\u00e1c c\u01a1 quan ch\u1ee9c n\u0103ng c\u00f3 kh\u1ea3 n\u0103ng thu th\u1eadp v\u00f9ng ph\u00e2n b\u1ed1 s\u00e9t \u0111\u00e1nh.<br \/>\n&#8211;\u00a0\u00a0\u00a0\u00a0B\u1ed9 \u0111\u1ebfm s\u00e9t tr\u1ef1c ti\u1ebfp LPI c\u00f3 th\u1ec3 l\u1eafp \u0111\u1eb7t v\u00e0 \u0111\u1ed3ng b\u1ed9 v\u1edbi b\u1ea5t k\u1ef3 lo\u1ea1i kim thu s\u00e9t n\u00e0o hi\u1ec7n c\u00f3 tr\u00ean th\u1ecb tr\u01b0\u1eddng nh\u01b0ng \u0111\u1ec3 m\u00e1y \u0111\u1ebfm s\u00e9t ho\u1ea1t \u0111\u1ed9ng ch\u00ednh x\u00e1c nh\u1ea5t th\u00ec n\u00ean \u0111i k\u00e8m v\u1edbi c\u00e1c lo\u1ea1i\u00a0kim thu s\u00e9t Stormaster c\u1ee7a h\u00e3ng LPI.<\/p>","protected":false},"excerpt":{"rendered":"<p><strong>Th\u00f4ng Tin S\u1ea3n Ph\u1ea9m:<\/strong><br \/>\n\u2013 Thi\u1ebft b\u1ecb \u0111\u1ebfm s\u00e9t LPI LSR 2\u00a0 (Lightning Counter LSR2).<br \/>\n\u2013 Lo\u1ea1i: LSR2<br \/>\n\u2013 M\u00e0u s\u1eafc: Xanh<br \/>\n\u2013 H\u00e3ng s\u1ea3n xu\u1ea5t: LPI.<br \/>\n\u2013 Xu\u1ea5t x\u1ee9: \u00dac.<br \/>\n\u2013 Th\u1eddi gian b\u1ea3o h\u00e0nh: B\u1ea3o h\u00e0nh 24 th\u00e1ng<\/p>","protected":false},"featured_media":289,"comment_status":"open","ping_status":"closed","template":"","meta":[],"product_cat":[21],"product_tag":[],"class_list":["post-288","product","type-product","status-publish","has-post-thumbnail","hentry","product_cat-bo-dem-set"],"yoast_head":"<!-- This site is optimized with the Yoast SEO Premium plugin v20.5 (Yoast SEO v20.5) - https:\/\/yoast.com\/wordpress\/plugins\/seo\/ -->\n<title>Thi\u1ebft b\u1ecb \u0111\u1ebfm s\u00e9t Stormaster LPI LSR2 - Kim thu s\u00e9t LPI<\/title>\n<meta name=\"description\" content=\"Thi\u1ebft b\u1ecb \u0111\u1ebfm s\u00e9t Stormaster LPI LSR2 ( lighting strike recorder) d\u00f9ng \u0111\u1ec3 \u0111\u1ebfm s\u1ed1 l\u1ea7n s\u00e9t ho\u1eb7c xung s\u00e9t \u0111\u00e1nh tr\u1ef1c ti\u1ebfp v\u00e0o kim thu s\u00e9t.\" \/>\n<meta name=\"robots\" content=\"index, follow, max-snippet:-1, max-image-preview:large, max-video-preview:-1\" \/>\n<link rel=\"canonical\" href=\"https:\/\/kimthusetlpi.com\/en\/product\/thiet-bi-dem-set-stormaster-lpi-lsr2\/\" \/>\n<meta property=\"og:locale\" content=\"en_US\" \/>\n<meta property=\"og:type\" content=\"article\" \/>\n<meta property=\"og:title\" content=\"Thi\u1ebft b\u1ecb \u0111\u1ebfm s\u00e9t Stormaster LPI LSR2\" \/>\n<meta property=\"og:description\" content=\"Thi\u1ebft b\u1ecb \u0111\u1ebfm s\u00e9t Stormaster LPI LSR2 ( lighting strike recorder) d\u00f9ng \u0111\u1ec3 \u0111\u1ebfm s\u1ed1 l\u1ea7n s\u00e9t ho\u1eb7c xung s\u00e9t \u0111\u00e1nh tr\u1ef1c ti\u1ebfp v\u00e0o kim thu s\u00e9t.\" \/>\n<meta property=\"og:url\" content=\"https:\/\/kimthusetlpi.com\/en\/product\/thiet-bi-dem-set-stormaster-lpi-lsr2\/\" \/>\n<meta property=\"og:site_name\" content=\"Kim thu s\u00e9t LPI\" \/>\n<meta property=\"article:publisher\" content=\"https:\/\/www.facebook.com\/chongsetspd\" \/>\n<meta property=\"article:modified_time\" content=\"2026-04-16T12:40:15+00:00\" \/>\n<meta property=\"og:image\" content=\"https:\/\/kimthusetlpi.com\/wp-content\/uploads\/2023\/09\/Thiet-bi-dem-set-Stormaster-LPI-LSR2-1.jpg\" \/>\n\t<meta property=\"og:image:width\" content=\"839\" \/>\n\t<meta property=\"og:image:height\" content=\"1000\" \/>\n\t<meta property=\"og:image:type\" content=\"image\/jpeg\" \/>\n<meta name=\"twitter:card\" content=\"summary_large_image\" \/>\n<meta name=\"twitter:site\" content=\"@IENSOLAR\" \/>\n<meta name=\"twitter:label1\" content=\"Est. reading time\" \/>\n\t<meta name=\"twitter:data1\" content=\"2 minutes\" \/>\n<script type=\"application\/ld+json\" class=\"yoast-schema-graph\">{\"@context\":\"https:\/\/schema.org\",\"@graph\":[{\"@type\":\"WebPage\",\"@id\":\"https:\/\/kimthusetlpi.com\/product\/thiet-bi-dem-set-stormaster-lpi-lsr2\/\",\"url\":\"https:\/\/kimthusetlpi.com\/product\/thiet-bi-dem-set-stormaster-lpi-lsr2\/\",\"name\":\"Thi\u1ebft b\u1ecb \u0111\u1ebfm s\u00e9t Stormaster LPI LSR2 - Kim thu s\u00e9t LPI\",\"isPartOf\":{\"@id\":\"https:\/\/kimthusetlpi.com\/#website\"},\"datePublished\":\"2023-09-09T06:18:04+00:00\",\"dateModified\":\"2026-04-16T12:40:15+00:00\",\"description\":\"Thi\u1ebft b\u1ecb \u0111\u1ebfm s\u00e9t Stormaster LPI LSR2 ( lighting strike recorder) d\u00f9ng \u0111\u1ec3 \u0111\u1ebfm s\u1ed1 l\u1ea7n s\u00e9t ho\u1eb7c xung s\u00e9t \u0111\u00e1nh tr\u1ef1c ti\u1ebfp v\u00e0o kim thu s\u00e9t.\",\"breadcrumb\":{\"@id\":\"https:\/\/kimthusetlpi.com\/product\/thiet-bi-dem-set-stormaster-lpi-lsr2\/#breadcrumb\"},\"inLanguage\":\"en-US\",\"potentialAction\":[{\"@type\":\"ReadAction\",\"target\":[\"https:\/\/kimthusetlpi.com\/product\/thiet-bi-dem-set-stormaster-lpi-lsr2\/\"]}]},{\"@type\":\"BreadcrumbList\",\"@id\":\"https:\/\/kimthusetlpi.com\/product\/thiet-bi-dem-set-stormaster-lpi-lsr2\/#breadcrumb\",\"itemListElement\":[{\"@type\":\"ListItem\",\"position\":1,\"name\":\"Home\",\"item\":\"https:\/\/kimthusetlpi.com\/en\/\"},{\"@type\":\"ListItem\",\"position\":2,\"name\":\"Shop\",\"item\":\"https:\/\/kimthusetlpi.com\/en\/shop\/\"},{\"@type\":\"ListItem\",\"position\":3,\"name\":\"Thi\u1ebft b\u1ecb \u0111\u1ebfm s\u00e9t Stormaster LPI LSR2\"}]},{\"@type\":\"WebSite\",\"@id\":\"https:\/\/kimthusetlpi.com\/#website\",\"url\":\"https:\/\/kimthusetlpi.com\/\",\"name\":\"Kim thu s\u00e9t LPI\",\"description\":\"Kim thu s\u00e9t LPI - Ch\u1ed1ng s\u00e9t LPI\",\"publisher\":{\"@id\":\"https:\/\/kimthusetlpi.com\/#organization\"},\"potentialAction\":[{\"@type\":\"SearchAction\",\"target\":{\"@type\":\"EntryPoint\",\"urlTemplate\":\"https:\/\/kimthusetlpi.com\/?s={search_term_string}\"},\"query-input\":\"required name=search_term_string\"}],\"inLanguage\":\"en-US\"},{\"@type\":\"Organization\",\"@id\":\"https:\/\/kimthusetlpi.com\/#organization\",\"name\":\"Kim thu s\u00e9t LPI\",\"url\":\"https:\/\/kimthusetlpi.com\/\",\"logo\":{\"@type\":\"ImageObject\",\"inLanguage\":\"en-US\",\"@id\":\"https:\/\/kimthusetlpi.com\/#\/schema\/logo\/image\/\",\"url\":\"https:\/\/kimthusetlpi.com\/wp-content\/uploads\/2023\/09\/logo.png\",\"contentUrl\":\"https:\/\/kimthusetlpi.com\/wp-content\/uploads\/2023\/09\/logo.png\",\"width\":176,\"height\":75,\"caption\":\"Kim thu s\u00e9t LPI\"},\"image\":{\"@id\":\"https:\/\/kimthusetlpi.com\/#\/schema\/logo\/image\/\"},\"sameAs\":[\"https:\/\/www.facebook.com\/chongsetspd\",\"https:\/\/twitter.com\/IENSOLAR\"]}]}<\/script>\n<!-- \/ Yoast SEO Premium plugin. -->","yoast_head_json":{"title":"Thi\u1ebft b\u1ecb \u0111\u1ebfm s\u00e9t Stormaster LPI LSR2 - Kim thu s\u00e9t LPI","description":"Thi\u1ebft b\u1ecb \u0111\u1ebfm s\u00e9t Stormaster LPI LSR2 ( lighting strike recorder) d\u00f9ng \u0111\u1ec3 \u0111\u1ebfm s\u1ed1 l\u1ea7n s\u00e9t ho\u1eb7c xung s\u00e9t \u0111\u00e1nh tr\u1ef1c ti\u1ebfp v\u00e0o kim thu s\u00e9t.","robots":{"index":"index","follow":"follow","max-snippet":"max-snippet:-1","max-image-preview":"max-image-preview:large","max-video-preview":"max-video-preview:-1"},"canonical":"https:\/\/kimthusetlpi.com\/en\/product\/thiet-bi-dem-set-stormaster-lpi-lsr2\/","og_locale":"en_US","og_type":"article","og_title":"Thi\u1ebft b\u1ecb \u0111\u1ebfm s\u00e9t Stormaster LPI LSR2","og_description":"Thi\u1ebft b\u1ecb \u0111\u1ebfm s\u00e9t Stormaster LPI LSR2 ( lighting strike recorder) d\u00f9ng \u0111\u1ec3 \u0111\u1ebfm s\u1ed1 l\u1ea7n s\u00e9t ho\u1eb7c xung s\u00e9t \u0111\u00e1nh tr\u1ef1c ti\u1ebfp v\u00e0o kim thu s\u00e9t.","og_url":"https:\/\/kimthusetlpi.com\/en\/product\/thiet-bi-dem-set-stormaster-lpi-lsr2\/","og_site_name":"Kim thu s\u00e9t LPI","article_publisher":"https:\/\/www.facebook.com\/chongsetspd","article_modified_time":"2026-04-16T12:40:15+00:00","og_image":[{"width":839,"height":1000,"url":"https:\/\/kimthusetlpi.com\/wp-content\/uploads\/2023\/09\/Thiet-bi-dem-set-Stormaster-LPI-LSR2-1.jpg","type":"image\/jpeg"}],"twitter_card":"summary_large_image","twitter_site":"@IENSOLAR","twitter_misc":{"Est. reading time":"2 minutes"},"schema":{"@context":"https:\/\/schema.org","@graph":[{"@type":"WebPage","@id":"https:\/\/kimthusetlpi.com\/product\/thiet-bi-dem-set-stormaster-lpi-lsr2\/","url":"https:\/\/kimthusetlpi.com\/product\/thiet-bi-dem-set-stormaster-lpi-lsr2\/","name":"Thi\u1ebft b\u1ecb \u0111\u1ebfm s\u00e9t Stormaster LPI LSR2 - Kim thu s\u00e9t LPI","isPartOf":{"@id":"https:\/\/kimthusetlpi.com\/#website"},"datePublished":"2023-09-09T06:18:04+00:00","dateModified":"2026-04-16T12:40:15+00:00","description":"Thi\u1ebft b\u1ecb \u0111\u1ebfm s\u00e9t Stormaster LPI LSR2 ( lighting strike recorder) d\u00f9ng \u0111\u1ec3 \u0111\u1ebfm s\u1ed1 l\u1ea7n s\u00e9t ho\u1eb7c xung s\u00e9t \u0111\u00e1nh tr\u1ef1c ti\u1ebfp v\u00e0o kim thu s\u00e9t.","breadcrumb":{"@id":"https:\/\/kimthusetlpi.com\/product\/thiet-bi-dem-set-stormaster-lpi-lsr2\/#breadcrumb"},"inLanguage":"en-US","potentialAction":[{"@type":"ReadAction","target":["https:\/\/kimthusetlpi.com\/product\/thiet-bi-dem-set-stormaster-lpi-lsr2\/"]}]},{"@type":"BreadcrumbList","@id":"https:\/\/kimthusetlpi.com\/product\/thiet-bi-dem-set-stormaster-lpi-lsr2\/#breadcrumb","itemListElement":[{"@type":"ListItem","position":1,"name":"Home","item":"https:\/\/kimthusetlpi.com\/en\/"},{"@type":"ListItem","position":2,"name":"Shop","item":"https:\/\/kimthusetlpi.com\/en\/shop\/"},{"@type":"ListItem","position":3,"name":"Thi\u1ebft b\u1ecb \u0111\u1ebfm s\u00e9t Stormaster LPI LSR2"}]},{"@type":"WebSite","@id":"https:\/\/kimthusetlpi.com\/#website","url":"https:\/\/kimthusetlpi.com\/","name":"Kim thu s\u00e9t LPI","description":"Kim thu s\u00e9t LPI - Ch\u1ed1ng s\u00e9t LPI","publisher":{"@id":"https:\/\/kimthusetlpi.com\/#organization"},"potentialAction":[{"@type":"SearchAction","target":{"@type":"EntryPoint","urlTemplate":"https:\/\/kimthusetlpi.com\/?s={search_term_string}"},"query-input":"required name=search_term_string"}],"inLanguage":"en-US"},{"@type":"Organization","@id":"https:\/\/kimthusetlpi.com\/#organization","name":"Kim thu s\u00e9t LPI","url":"https:\/\/kimthusetlpi.com\/","logo":{"@type":"ImageObject","inLanguage":"en-US","@id":"https:\/\/kimthusetlpi.com\/#\/schema\/logo\/image\/","url":"https:\/\/kimthusetlpi.com\/wp-content\/uploads\/2023\/09\/logo.png","contentUrl":"https:\/\/kimthusetlpi.com\/wp-content\/uploads\/2023\/09\/logo.png","width":176,"height":75,"caption":"Kim thu s\u00e9t LPI"},"image":{"@id":"https:\/\/kimthusetlpi.com\/#\/schema\/logo\/image\/"},"sameAs":["https:\/\/www.facebook.com\/chongsetspd","https:\/\/twitter.com\/IENSOLAR"]}]}},"_links":{"self":[{"href":"https:\/\/kimthusetlpi.com\/en\/wp-json\/wp\/v2\/product\/288","targetHints":{"allow":["GET"]}}],"collection":[{"href":"https:\/\/kimthusetlpi.com\/en\/wp-json\/wp\/v2\/product"}],"about":[{"href":"https:\/\/kimthusetlpi.com\/en\/wp-json\/wp\/v2\/types\/product"}],"replies":[{"embeddable":true,"href":"https:\/\/kimthusetlpi.com\/en\/wp-json\/wp\/v2\/comments?post=288"}],"wp:featuredmedia":[{"embeddable":true,"href":"https:\/\/kimthusetlpi.com\/en\/wp-json\/wp\/v2\/media\/289"}],"wp:attachment":[{"href":"https:\/\/kimthusetlpi.com\/en\/wp-json\/wp\/v2\/media?parent=288"}],"wp:term":[{"taxonomy":"product_cat","embeddable":true,"href":"https:\/\/kimthusetlpi.com\/en\/wp-json\/wp\/v2\/product_cat?post=288"},{"taxonomy":"product_tag","embeddable":true,"href":"https:\/\/kimthusetlpi.com\/en\/wp-json\/wp\/v2\/product_tag?post=288"}],"curies":[{"name":"wp","href":"https:\/\/api.w.org\/{rel}","templated":true}]}}