{"id":332,"date":"2023-09-10T07:15:39","date_gmt":"2023-09-10T07:15:39","guid":{"rendered":"https:\/\/kimthusetlpi.com\/?post_type=product&#038;p=332"},"modified":"2026-01-09T09:08:14","modified_gmt":"2026-01-09T09:08:14","slug":"tu-cat-loc-set-40a-1-pha-lpi-sf140-480-15050-aimcb","status":"publish","type":"product","link":"https:\/\/kimthusetlpi.com\/en\/product\/tu-cat-loc-set-40a-1-pha-lpi-sf140-480-15050-aimcb\/","title":{"rendered":"T\u1ee7 c\u1eaft l\u1ecdc s\u00e9t 40A 1 pha LPI SF140-480-150+50-AIMCB"},"content":{"rendered":"<h2>T\u1ee7 c\u1eaft l\u1ecdc s\u00e9t <span style=\"color: #ff0000;\">40A <\/span>1 pha LPI SF140-480-150+50-AIMCB<\/h2>\n<ul>\n<li>Thi\u1ebft b\u1ecb c\u1eaft l\u1ecdc s\u00e9t 1 pha <span style=\"color: #ff0000;\">40A <\/span>LPI SF140-480-150+50-AIMCB \u0111\u01b0\u1ee3c thi\u1ebft k\u1ebf \u0111\u1ec3 b\u1ea3o v\u1ec7 c\u00e1c thi\u1ebft b\u1ecb vi\u1ec5n th\u00f4ng ch\u1ed1ng l\u1ea1i<br \/>\n\u1ea3nh h\u01b0\u1edfng c\u1ee7a s\u00e9t, c\u00e1c xung nhi\u1ec5u \u0111\u01b0\u1eddng ngu\u1ed3n, nhi\u1ec5u cao t\u1ea7n<\/li>\n<li>Thi\u1ebft b\u1ecb \u0111\u01b0\u1ee3c thi\u1ebft k\u1ebf c\u1eaft v\u00e0 l\u1ecdc s\u00e9t 3 c\u1ea5p d\u1ef1a tr\u00ean c\u00e1c ph\u1ea7n t\u1eed MOV (Metal oxide varistor) v\u00e0 b\u1ed9 l\u1ecdc th\u00f4ng th\u1ea5p theo c\u1ea5u h\u00ecnh pha-trung t\u00ednh\u2026v\u00e0 trung t\u00ednh-\u0111\u1ea5t<\/li>\n<li>C\u1ea5p b\u1ea3o v\u1ec7 s\u01a1 c\u1ea5p 100kA ho\u1eb7c 150kA d\u1ef1a tr\u00ean c\u00e1c ph\u1ea7n t\u1eed MOV, MOV \u0111\u01b0\u1ee3c n\u1ed1i gi\u1eefa pha v\u1edbi trung t\u00ednh \u0111\u1ec3 tri\u1ec7t ti\u00eau c\u00e1c xung \u0111i\u1ec7n \u00e1p xu\u1ea5t hi\u1ec7n khi chuy\u1ec3n t\u1ea3i ho\u1eb7c s\u00e9t<\/li>\n<li>\u00a0C\u1ea5p b\u1ea3o v\u1ec7 th\u1ee9 hai 50kA l\u00e0 b\u1ed9 l\u1ecdc th\u00f4ng th\u1ea5p LC t\u1ea1o b\u1edfi cu\u1ed9n d\u00e2y v\u00e0 t\u1ee5 \u0111i\u1ec7n. B\u1ed9 l\u1ecdc LC ti\u1ebfp t\u1ee5c l\u00e0m suy gi\u1ea3m c\u00e1c xung \u0111i\u1ec7n \u00e1p \u0111\u00e3 \u0111\u01b0\u1ee3c tri\u1ec7t ti\u00eau b\u1edfi t\u1ea7ng MOV ph\u00eda tr\u01b0\u1edbc<\/li>\n<li>C\u1ea5p b\u1ea3o v\u1ec7 th\u1ee9 c\u1ea5p g\u1ed3m c\u00e1c ph\u1ea7n t\u1eed MOV n\u1ed1i gi\u1eefa t\u1ea3i v\u00e0 trung t\u00ednh. Thi\u1ebft b\u1ecb c\u00f3 nhi\u1ec7m v\u1ee5 l\u1ecdc xung s\u00e9t l\u1ea7n cu\u1ed1i v\u00e0 c\u00e1c xung \u0111i\u1ec7n \u0111\u01b0\u1ee3c t\u1ea1o ra khi \u0111\u00f3ng t\u1ea3i.<\/li>\n<li><span style=\"color: #000000;\">T\u1ee7 c\u1eaft l\u1ecdc s\u00e9t 1 pha <span style=\"color: #ff0000;\">40A<\/span> LPI SF140-480-150+50-AIMCB C\u00f3 d\u1ea3i \u0111i\u1ec7n \u00e1p ho\u1ea1t \u0111\u1ed9ng 480Vac;<\/span><\/li>\n<li><span style=\"color: #000000;\">S\u1eed d\u1ee5ng c\u00f4ng ngh\u1ec7 SSTB150 \u0111\u1ec3 b\u1ea3o v\u1ec7 \u0111i\u1ec7n \u00e1p xoay chi\u1ec1u 1 pha ho\u1eb7c 1 pha;<\/span><\/li>\n<\/ul>\n<h2><a href=\"https:\/\/tudiensolar.com\/wp-content\/uploads\/2022\/11\/lpi-sf132-480-10050-aimcb-5358.pdf\">Catalogue t\u1ee7 c\u1eaft l\u1ecdc s\u00e9t <span style=\"color: #ff0000;\">40A<\/span> 1 pha LPI SF140-480-150+50-AIMCB<\/a><\/h2>\n<p>\u2013\u00a0<strong><a href=\"https:\/\/kimthusetlpi.com\/en\/product\/tu-cat-loc-set-32a-3-pha-lpi-sf332-480-15050-aimcb\/\">T\u1ee7 c\u1eaft l\u1ecdc s\u00e9t LPI 1 pha<\/a>\u00a0<\/strong>cho \u0111\u01b0\u1eddng ngu\u1ed3n h\u1ea1 \u00e1p.\u00a0B\u1ea3o v\u1ec7 c\u00e1c thi\u1ebft b\u1ecb nh\u1ea1y c\u1ea3m v\u1edbi 03 m\u1ee9c b\u1ea3o v\u1ec7 C\u1eaft s\u00e9t s\u01a1 c\u1ea5p, l\u1ecdc s\u00e9t, c\u1eaft s\u00e9t th\u1ee9 c\u1ea5p.<\/p>\n<p>\u2013 D\u00f2ng c\u1eaft 100KA \/pha 8\/20us b\u1ea3o v\u1ec7 t\u1ea7ng s\u01a1 c\u1ea5p, 50KA\/pha 8\/20us b\u1ea3o v\u1ec7 t\u1ea7ng th\u1ee9 c\u1ea5p, c\u1eaft xung s\u00e9t tr\u1ef1c ti\u1ebfp 100KA 10\/350us or 150KA 8\/20us N-E , c\u00f3 \u0111\u00e8n LED hi\u1ec3n th\u1ecb t\u00ecnh tr\u1ea1ng l\u00e0m vi\u1ec7c c\u1ee7a thi\u1ebft b\u1ecb v\u00e0 ti\u1ebfp \u0111i\u1ec3m c\u1ea3nh b\u00e1o ngo\u00e0i.<\/p>\n<p>\u2013 Ch\u1ee9c n\u0103ng k\u1ebft n\u1ed1i Bluetooth qua Smartphone gi\u00e1m s\u00e1t th\u00f4ng s\u1ed1 thi\u1ebft b\u1ecb v\u00e0 s\u1ed1 l\u1ea7n s\u00e9t t\u00e1c \u0111\u1ed9ng<\/p>\n<p>\u2013 B\u1ed9 c\u1eaft l\u1ecdc s\u00e9t 1 pha <span style=\"color: #ff0000;\">40A<\/span> LPI SF140-480-150+50-AIMCB\u00a0(k\u00edch th\u01b0\u1edbc: 400x400x150mm, n\u1eb7ng 10kg)<\/p>\n<p>T\u1ee7 c\u1eaft l\u1ecdc s\u00e9t 1 pha d\u00f2ng t\u1ea3i <span style=\"color: #ff0000;\">40A<\/span>. M\u00e3 Model c\u0169:\u00a0<strong>SF140A-NE-SS385<\/strong>\u00a0chuy\u1ec3n sang Model m\u1edbi:\u00a0<strong>SF140-480-150+50-AIMCB<\/strong><\/p>\n<p>Ngo\u00e0i ra s\u1ef1 n\u00e2ng c\u1ea5p c\u1ee7a m\u00e3 m\u1edbi c\u00f2n c\u00f3 \u01b0u \u0111i\u1ec3m l\u00e0 c\u00f3 th\u1ec3 thay th\u1ebf module trong t\u1ee7 cho ph\u00f9 h\u1ee3p v\u1edbi d\u00f2ng s\u00e9t m\u00e0 b\u1ea1n y\u00eau c\u1ea7u v\u00ed d\u1ee5: D\u00f2ng s\u00e9t s\u01a1 c\u1ea5p c\u00f3 th\u1ec3 thay t\u1eeb 100kA l\u00ean 150kA, 200kA. C\u00f2n d\u00f2ng s\u00e9t th\u1ee9 c\u1ea5p c\u00f3 th\u1ec3 thay \u0111\u1ed5i t\u1eeb 50kA l\u00ean 100kA.<\/p>\n<h2>H\u01b0\u1edbng d\u1eabn tra d\u1eabn th\u00f4ng s\u1ed1 t\u1ee7 c\u1eaft l\u1ecdc s\u00e9t <span style=\"color: #ff0000;\">40A<\/span> 1 pha LPI SF140-480-150+50-AIMCB<\/h2>\n<p>+ SF: L\u00e0 t\u1eeb vi\u1ebft t\u1eaft c\u1ee7a Surge Filter (C\u1eaft l\u1ecdc)<\/p>\n<p>+ 1: Th\u1ec3 hi\u1ec7n 1 pha<\/p>\n<p>+ 40: D\u00f2ng t\u1ea3i <span style=\"color: #ff0000;\">40A<\/span><\/p>\n<p>+ 480: Ch\u1ecbu qu\u00e1 \u00e1p li\u00ean t\u1ee5c \u0111\u1ebfn 480V<\/p>\n<p>+ 150: D\u00f2ng s\u00e9t s\u01a1 c\u1ea5p 150kA\/pha<\/p>\n<p>+ 50: D\u00f2ng s\u00e9t th\u1ee9 c\u1ea5p 50kA\/pha<\/p>\n<p>+ AIMCB: B\u1ed9 k\u1ebft n\u1ed1i c\u1ea3nh b\u00e1o ra b\u00ean ngo\u00e0i<\/p>\n<h2><strong>Th\u00f4ng s\u1ed1 k\u1ef9 thu\u1eadt t\u1ee7 c\u1eaft l\u1ecdc s\u00e9t 1 pha, 1 pha v\u1edbi m\u1ee9c d\u00f2ng t\u1ea3i t\u1eeb 40A\u00f7125A<\/strong>:<\/h2>\n<table style=\"width: 83.9434%;\" border=\"1\" width=\"631\" cellspacing=\"0\" cellpadding=\"0\">\n<tbody>\n<tr>\n<td style=\"width: 45.873%;\" colspan=\"2\"><strong>T\u1ee7 c\u1eaft l\u1ecdc s\u00e9t d\u00f2ng t\u1ea3i t\u1eeb 40A\u00f7125A<\/strong><\/td>\n<td style=\"width: 26.9841%;\">\n<p align=\"center\">1 pha<\/p>\n<\/td>\n<td style=\"width: 54.2857%;\">\n<p align=\"center\">3 pha<\/p>\n<\/td>\n<\/tr>\n<tr>\n<td style=\"width: 37.9365%;\">\u0110i\u1ec7n \u00e1p l\u00e0m vi\u1ec7c<\/td>\n<td style=\"width: 7.93651%;\">: Un<\/td>\n<td style=\"width: 26.9841%;\">\n<p align=\"center\">220\u00f7240<\/p>\n<\/td>\n<td style=\"width: 54.2857%;\">\n<p align=\"center\">220\u00f7277<\/p>\n<\/td>\n<\/tr>\n<tr>\n<td style=\"width: 37.9365%;\">\u0110i\u1ec7n \u00e1p l\u00e0m vi\u1ec7c li\u00ean t\u1ee5c c\u1ef1c \u0111\u1ea1i<\/td>\n<td style=\"width: 7.93651%;\">: Uc<\/td>\n<td style=\"width: 26.9841%;\">\n<p align=\"center\">385<\/p>\n<\/td>\n<td style=\"width: 54.2857%;\">\n<p align=\"center\">480<\/p>\n<\/td>\n<\/tr>\n<tr>\n<td style=\"width: 37.9365%;\">Th\u1eddi gian \u0111\u00e1p \u1ee9ng<\/td>\n<td style=\"width: 7.93651%;\">: ns<\/td>\n<td style=\"width: 81.2698%;\" colspan=\"2\">\n<p align=\"center\">\u2264 1<\/p>\n<\/td>\n<\/tr>\n<tr>\n<td style=\"width: 37.9365%;\">M\u1ea1ng \u0111i\u1ec7n t\u01b0\u01a1ng th\u00edch<\/td>\n<td style=\"width: 7.93651%;\"><\/td>\n<td style=\"width: 81.2698%;\" colspan=\"2\">\n<p align=\"center\">TT,\u00a0TN-S,\u00a0TN-C,\u00a0TN-C-S\u00a0(MEN)<\/p>\n<\/td>\n<\/tr>\n<tr>\n<td style=\"width: 37.9365%;\">B\u1ea3o v\u1ec7 s\u01a1 c\u1ea5p gi\u1eefa P-N<\/td>\n<td style=\"width: 7.93651%;\">: kA<\/td>\n<td style=\"width: 81.2698%;\" colspan=\"2\">\n<p align=\"center\">50, 100, 150, 200<\/p>\n<\/td>\n<\/tr>\n<tr>\n<td style=\"width: 37.9365%;\">B\u1ea3o v\u1ec7 th\u1ee9 c\u1ea5p P-N<\/td>\n<td style=\"width: 7.93651%;\">: kA<\/td>\n<td style=\"width: 81.2698%;\" colspan=\"2\">\n<p align=\"center\">50; 100<\/p>\n<\/td>\n<\/tr>\n<tr>\n<td style=\"width: 37.9365%;\">B\u1ea3o v\u1ec7 gi\u1eefa N-E<\/td>\n<td style=\"width: 7.93651%;\">: kA<\/td>\n<td style=\"width: 81.2698%;\" colspan=\"2\">\n<p align=\"center\">100<\/p>\n<\/td>\n<\/tr>\n<tr>\n<td style=\"width: 37.9365%;\">B\u1ed9 l\u1ecdc<\/td>\n<td style=\"width: 89.2063%;\" colspan=\"3\">\n<p align=\"center\">\u00a0 \u00a0 \u00a0 \u00a0 \u00a0 \u00a0B\u1ed9 l\u1ecdc th\u1ea5p, LC<\/p>\n<\/td>\n<\/tr>\n<tr>\n<td style=\"width: 37.9365%;\">Hi\u1ec7u su\u1ea5t<\/td>\n<td style=\"width: 7.93651%;\">: %<\/td>\n<td style=\"width: 81.2698%;\" colspan=\"2\">\n<p align=\"center\">99<\/p>\n<\/td>\n<\/tr>\n<\/tbody>\n<\/table>","protected":false},"excerpt":{"rendered":"<table style=\"border-collapse: collapse; width: 100%; height: 105px;\">\n<tbody>\n<tr style=\"height: 21px;\">\n<td style=\"width: 25%; height: 21px;\">Thi\u1ebft b\u1ecb c\u1eaft l\u1ecdc s\u00e9t<\/td>\n<td style=\"width: 25%; height: 21px;\">D\u00f2ng s\u00e9t s\u01a1 c\u1ea5p<\/td>\n<td style=\"width: 25%; height: 21px;\">D\u00f2ng c\u1eaft s\u00e9t th\u1ee9 c\u1ea5p<\/td>\n<td style=\"width: 25%; height: 21px;\">\u0110i\u1ec7n \u00e1p ho\u1ea1t \u0111\u1ed9ng t\u1ed1i \u0111a<\/td>\n<\/tr>\n<tr>\n<td style=\"width: 25%;\" width=\"111\">SF140-385-100+50-AIMCB<\/td>\n<td style=\"width: 25%; height: 21px;\">100kA<\/td>\n<td style=\"width: 25%; height: 21px;\">50kA<\/td>\n<td style=\"width: 25%; height: 21px;\">385VAC<\/td>\n<\/tr>\n<tr>\n<td style=\"width: 25%;\" width=\"111\">SF140-385-150+50-AIMCB<\/td>\n<td style=\"width: 25%; height: 21px;\">150kA<\/td>\n<td style=\"width: 25%; height: 21px;\">50kA<\/td>\n<td style=\"width: 25%; height: 21px;\">385VAC<\/td>\n<\/tr>\n<tr>\n<td style=\"width: 25%;\" width=\"111\">SF140-480-100+50-AIMCB<\/td>\n<td style=\"width: 25%; height: 21px;\">100kA<\/td>\n<td style=\"width: 25%; height: 21px;\">50kA<\/td>\n<td style=\"width: 25%; height: 21px;\">480VAC<\/td>\n<\/tr>\n<tr>\n<td style=\"width: 25%;\" width=\"111\">SF140-480-150+50-AIMCB<\/td>\n<td style=\"width: 25%; height: 21px;\">150kA<\/td>\n<td style=\"width: 25%; height: 21px;\">50kA<\/td>\n<td style=\"width: 25%; height: 21px;\">480VAC<\/td>\n<\/tr>\n<\/tbody>\n<\/table>","protected":false},"featured_media":334,"comment_status":"open","ping_status":"closed","template":"","meta":[],"product_cat":[90,24],"product_tag":[],"class_list":["post-332","product","type-product","status-publish","has-post-thumbnail","hentry","product_cat-bo-cat-loc-set","product_cat-thiet-bi-cat-loc-set"],"yoast_head":"<!-- This site is optimized with the Yoast SEO Premium plugin v20.5 (Yoast SEO v20.5) - https:\/\/yoast.com\/wordpress\/plugins\/seo\/ -->\n<title>T\u1ee7 c\u1eaft l\u1ecdc s\u00e9t 40A 1 pha LPI SF140-480-150+50-AIMCB - Kim thu s\u00e9t LPI<\/title>\n<meta name=\"description\" content=\"T\u1ee7 c\u1eaft l\u1ecdc s\u00e9t 40A 1 pha, T\u1ee7 c\u1eaft l\u1ecdc s\u00e9t 1 pha, d\u00f2ng t\u1ea3i 40A, l\u1eafp n\u1ed1i ti\u1ebfp v\u1edbi CB, d\u00f2ng s\u00e9t s\u01a1 c\u1ea5p l\u00e0 100kA, th\u1ee9 c\u1ea5p 50kA,ch\u1ecbu \u0111i\u1ec7n \u00e1p t\u1ed1i \u0111a 480V\" \/>\n<meta name=\"robots\" content=\"index, follow, max-snippet:-1, max-image-preview:large, max-video-preview:-1\" \/>\n<link rel=\"canonical\" href=\"https:\/\/kimthusetlpi.com\/en\/product\/tu-cat-loc-set-40a-1-pha-lpi-sf140-480-15050-aimcb\/\" \/>\n<meta property=\"og:locale\" content=\"en_US\" \/>\n<meta property=\"og:type\" content=\"article\" \/>\n<meta property=\"og:title\" content=\"T\u1ee7 c\u1eaft l\u1ecdc s\u00e9t 40A 1 pha LPI SF140-480-150+50-AIMCB\" \/>\n<meta property=\"og:description\" content=\"T\u1ee7 c\u1eaft l\u1ecdc s\u00e9t 40A 1 pha, T\u1ee7 c\u1eaft l\u1ecdc s\u00e9t 1 pha, d\u00f2ng t\u1ea3i 40A, l\u1eafp n\u1ed1i ti\u1ebfp v\u1edbi CB, d\u00f2ng s\u00e9t s\u01a1 c\u1ea5p l\u00e0 100kA, th\u1ee9 c\u1ea5p 50kA,ch\u1ecbu \u0111i\u1ec7n \u00e1p t\u1ed1i \u0111a 480V\" \/>\n<meta property=\"og:url\" content=\"https:\/\/kimthusetlpi.com\/en\/product\/tu-cat-loc-set-40a-1-pha-lpi-sf140-480-15050-aimcb\/\" \/>\n<meta property=\"og:site_name\" content=\"Kim thu s\u00e9t LPI\" \/>\n<meta property=\"article:publisher\" content=\"https:\/\/www.facebook.com\/chongsetspd\" \/>\n<meta property=\"article:modified_time\" content=\"2026-01-09T09:08:14+00:00\" \/>\n<meta property=\"og:image\" content=\"https:\/\/kimthusetlpi.com\/wp-content\/uploads\/2023\/09\/Tu-cat-loc-set-40A-1-pha-LPI-SF140-480-15050-AIMCB-2.jpg\" \/>\n\t<meta property=\"og:image:width\" content=\"1000\" \/>\n\t<meta property=\"og:image:height\" content=\"1000\" \/>\n\t<meta property=\"og:image:type\" content=\"image\/jpeg\" \/>\n<meta name=\"twitter:card\" content=\"summary_large_image\" \/>\n<meta name=\"twitter:site\" content=\"@IENSOLAR\" \/>\n<meta name=\"twitter:label1\" content=\"Est. reading time\" \/>\n\t<meta name=\"twitter:data1\" content=\"4 minutes\" \/>\n<script type=\"application\/ld+json\" class=\"yoast-schema-graph\">{\"@context\":\"https:\/\/schema.org\",\"@graph\":[{\"@type\":\"WebPage\",\"@id\":\"https:\/\/kimthusetlpi.com\/product\/tu-cat-loc-set-40a-1-pha-lpi-sf140-480-15050-aimcb\/\",\"url\":\"https:\/\/kimthusetlpi.com\/product\/tu-cat-loc-set-40a-1-pha-lpi-sf140-480-15050-aimcb\/\",\"name\":\"T\u1ee7 c\u1eaft l\u1ecdc s\u00e9t 40A 1 pha LPI SF140-480-150+50-AIMCB - Kim thu s\u00e9t LPI\",\"isPartOf\":{\"@id\":\"https:\/\/kimthusetlpi.com\/#website\"},\"datePublished\":\"2023-09-10T07:15:39+00:00\",\"dateModified\":\"2026-01-09T09:08:14+00:00\",\"description\":\"T\u1ee7 c\u1eaft l\u1ecdc s\u00e9t 40A 1 pha, T\u1ee7 c\u1eaft l\u1ecdc s\u00e9t 1 pha, d\u00f2ng t\u1ea3i 40A, l\u1eafp n\u1ed1i ti\u1ebfp v\u1edbi CB, d\u00f2ng s\u00e9t s\u01a1 c\u1ea5p l\u00e0 100kA, th\u1ee9 c\u1ea5p 50kA,ch\u1ecbu \u0111i\u1ec7n \u00e1p t\u1ed1i \u0111a 480V\",\"breadcrumb\":{\"@id\":\"https:\/\/kimthusetlpi.com\/product\/tu-cat-loc-set-40a-1-pha-lpi-sf140-480-15050-aimcb\/#breadcrumb\"},\"inLanguage\":\"en-US\",\"potentialAction\":[{\"@type\":\"ReadAction\",\"target\":[\"https:\/\/kimthusetlpi.com\/product\/tu-cat-loc-set-40a-1-pha-lpi-sf140-480-15050-aimcb\/\"]}]},{\"@type\":\"BreadcrumbList\",\"@id\":\"https:\/\/kimthusetlpi.com\/product\/tu-cat-loc-set-40a-1-pha-lpi-sf140-480-15050-aimcb\/#breadcrumb\",\"itemListElement\":[{\"@type\":\"ListItem\",\"position\":1,\"name\":\"Home\",\"item\":\"https:\/\/kimthusetlpi.com\/\"},{\"@type\":\"ListItem\",\"position\":2,\"name\":\"Shop\",\"item\":\"https:\/\/kimthusetlpi.com\/shop\/\"},{\"@type\":\"ListItem\",\"position\":3,\"name\":\"T\u1ee7 c\u1eaft l\u1ecdc s\u00e9t 40A 1 pha LPI SF140-480-150+50-AIMCB\"}]},{\"@type\":\"WebSite\",\"@id\":\"https:\/\/kimthusetlpi.com\/#website\",\"url\":\"https:\/\/kimthusetlpi.com\/\",\"name\":\"Kim thu s\u00e9t LPI\",\"description\":\"Kim thu s\u00e9t LPI - Ch\u1ed1ng s\u00e9t LPI\",\"publisher\":{\"@id\":\"https:\/\/kimthusetlpi.com\/#organization\"},\"potentialAction\":[{\"@type\":\"SearchAction\",\"target\":{\"@type\":\"EntryPoint\",\"urlTemplate\":\"https:\/\/kimthusetlpi.com\/?s={search_term_string}\"},\"query-input\":\"required name=search_term_string\"}],\"inLanguage\":\"en-US\"},{\"@type\":\"Organization\",\"@id\":\"https:\/\/kimthusetlpi.com\/#organization\",\"name\":\"Kim thu s\u00e9t LPI\",\"url\":\"https:\/\/kimthusetlpi.com\/\",\"logo\":{\"@type\":\"ImageObject\",\"inLanguage\":\"en-US\",\"@id\":\"https:\/\/kimthusetlpi.com\/#\/schema\/logo\/image\/\",\"url\":\"https:\/\/kimthusetlpi.com\/wp-content\/uploads\/2023\/09\/logo.png\",\"contentUrl\":\"https:\/\/kimthusetlpi.com\/wp-content\/uploads\/2023\/09\/logo.png\",\"width\":176,\"height\":75,\"caption\":\"Kim thu s\u00e9t LPI\"},\"image\":{\"@id\":\"https:\/\/kimthusetlpi.com\/#\/schema\/logo\/image\/\"},\"sameAs\":[\"https:\/\/www.facebook.com\/chongsetspd\",\"https:\/\/twitter.com\/IENSOLAR\"]}]}<\/script>\n<!-- \/ Yoast SEO Premium plugin. -->","yoast_head_json":{"title":"T\u1ee7 c\u1eaft l\u1ecdc s\u00e9t 40A 1 pha LPI SF140-480-150+50-AIMCB - Kim thu s\u00e9t LPI","description":"T\u1ee7 c\u1eaft l\u1ecdc s\u00e9t 40A 1 pha, T\u1ee7 c\u1eaft l\u1ecdc s\u00e9t 1 pha, d\u00f2ng t\u1ea3i 40A, l\u1eafp n\u1ed1i ti\u1ebfp v\u1edbi CB, d\u00f2ng s\u00e9t s\u01a1 c\u1ea5p l\u00e0 100kA, th\u1ee9 c\u1ea5p 50kA,ch\u1ecbu \u0111i\u1ec7n \u00e1p t\u1ed1i \u0111a 480V","robots":{"index":"index","follow":"follow","max-snippet":"max-snippet:-1","max-image-preview":"max-image-preview:large","max-video-preview":"max-video-preview:-1"},"canonical":"https:\/\/kimthusetlpi.com\/en\/product\/tu-cat-loc-set-40a-1-pha-lpi-sf140-480-15050-aimcb\/","og_locale":"en_US","og_type":"article","og_title":"T\u1ee7 c\u1eaft l\u1ecdc s\u00e9t 40A 1 pha LPI SF140-480-150+50-AIMCB","og_description":"T\u1ee7 c\u1eaft l\u1ecdc s\u00e9t 40A 1 pha, T\u1ee7 c\u1eaft l\u1ecdc s\u00e9t 1 pha, d\u00f2ng t\u1ea3i 40A, l\u1eafp n\u1ed1i ti\u1ebfp v\u1edbi CB, d\u00f2ng s\u00e9t s\u01a1 c\u1ea5p l\u00e0 100kA, th\u1ee9 c\u1ea5p 50kA,ch\u1ecbu \u0111i\u1ec7n \u00e1p t\u1ed1i \u0111a 480V","og_url":"https:\/\/kimthusetlpi.com\/en\/product\/tu-cat-loc-set-40a-1-pha-lpi-sf140-480-15050-aimcb\/","og_site_name":"Kim thu s\u00e9t LPI","article_publisher":"https:\/\/www.facebook.com\/chongsetspd","article_modified_time":"2026-01-09T09:08:14+00:00","og_image":[{"width":1000,"height":1000,"url":"https:\/\/kimthusetlpi.com\/wp-content\/uploads\/2023\/09\/Tu-cat-loc-set-40A-1-pha-LPI-SF140-480-15050-AIMCB-2.jpg","type":"image\/jpeg"}],"twitter_card":"summary_large_image","twitter_site":"@IENSOLAR","twitter_misc":{"Est. reading time":"4 minutes"},"schema":{"@context":"https:\/\/schema.org","@graph":[{"@type":"WebPage","@id":"https:\/\/kimthusetlpi.com\/product\/tu-cat-loc-set-40a-1-pha-lpi-sf140-480-15050-aimcb\/","url":"https:\/\/kimthusetlpi.com\/product\/tu-cat-loc-set-40a-1-pha-lpi-sf140-480-15050-aimcb\/","name":"T\u1ee7 c\u1eaft l\u1ecdc s\u00e9t 40A 1 pha LPI SF140-480-150+50-AIMCB - Kim thu s\u00e9t LPI","isPartOf":{"@id":"https:\/\/kimthusetlpi.com\/#website"},"datePublished":"2023-09-10T07:15:39+00:00","dateModified":"2026-01-09T09:08:14+00:00","description":"T\u1ee7 c\u1eaft l\u1ecdc s\u00e9t 40A 1 pha, T\u1ee7 c\u1eaft l\u1ecdc s\u00e9t 1 pha, d\u00f2ng t\u1ea3i 40A, l\u1eafp n\u1ed1i ti\u1ebfp v\u1edbi CB, d\u00f2ng s\u00e9t s\u01a1 c\u1ea5p l\u00e0 100kA, th\u1ee9 c\u1ea5p 50kA,ch\u1ecbu \u0111i\u1ec7n \u00e1p t\u1ed1i \u0111a 480V","breadcrumb":{"@id":"https:\/\/kimthusetlpi.com\/product\/tu-cat-loc-set-40a-1-pha-lpi-sf140-480-15050-aimcb\/#breadcrumb"},"inLanguage":"en-US","potentialAction":[{"@type":"ReadAction","target":["https:\/\/kimthusetlpi.com\/product\/tu-cat-loc-set-40a-1-pha-lpi-sf140-480-15050-aimcb\/"]}]},{"@type":"BreadcrumbList","@id":"https:\/\/kimthusetlpi.com\/product\/tu-cat-loc-set-40a-1-pha-lpi-sf140-480-15050-aimcb\/#breadcrumb","itemListElement":[{"@type":"ListItem","position":1,"name":"Home","item":"https:\/\/kimthusetlpi.com\/"},{"@type":"ListItem","position":2,"name":"Shop","item":"https:\/\/kimthusetlpi.com\/shop\/"},{"@type":"ListItem","position":3,"name":"T\u1ee7 c\u1eaft l\u1ecdc s\u00e9t 40A 1 pha LPI SF140-480-150+50-AIMCB"}]},{"@type":"WebSite","@id":"https:\/\/kimthusetlpi.com\/#website","url":"https:\/\/kimthusetlpi.com\/","name":"Kim thu s\u00e9t LPI","description":"Kim thu s\u00e9t LPI - Ch\u1ed1ng s\u00e9t LPI","publisher":{"@id":"https:\/\/kimthusetlpi.com\/#organization"},"potentialAction":[{"@type":"SearchAction","target":{"@type":"EntryPoint","urlTemplate":"https:\/\/kimthusetlpi.com\/?s={search_term_string}"},"query-input":"required name=search_term_string"}],"inLanguage":"en-US"},{"@type":"Organization","@id":"https:\/\/kimthusetlpi.com\/#organization","name":"Kim thu s\u00e9t LPI","url":"https:\/\/kimthusetlpi.com\/","logo":{"@type":"ImageObject","inLanguage":"en-US","@id":"https:\/\/kimthusetlpi.com\/#\/schema\/logo\/image\/","url":"https:\/\/kimthusetlpi.com\/wp-content\/uploads\/2023\/09\/logo.png","contentUrl":"https:\/\/kimthusetlpi.com\/wp-content\/uploads\/2023\/09\/logo.png","width":176,"height":75,"caption":"Kim thu s\u00e9t LPI"},"image":{"@id":"https:\/\/kimthusetlpi.com\/#\/schema\/logo\/image\/"},"sameAs":["https:\/\/www.facebook.com\/chongsetspd","https:\/\/twitter.com\/IENSOLAR"]}]}},"_links":{"self":[{"href":"https:\/\/kimthusetlpi.com\/en\/wp-json\/wp\/v2\/product\/332","targetHints":{"allow":["GET"]}}],"collection":[{"href":"https:\/\/kimthusetlpi.com\/en\/wp-json\/wp\/v2\/product"}],"about":[{"href":"https:\/\/kimthusetlpi.com\/en\/wp-json\/wp\/v2\/types\/product"}],"replies":[{"embeddable":true,"href":"https:\/\/kimthusetlpi.com\/en\/wp-json\/wp\/v2\/comments?post=332"}],"wp:featuredmedia":[{"embeddable":true,"href":"https:\/\/kimthusetlpi.com\/en\/wp-json\/wp\/v2\/media\/334"}],"wp:attachment":[{"href":"https:\/\/kimthusetlpi.com\/en\/wp-json\/wp\/v2\/media?parent=332"}],"wp:term":[{"taxonomy":"product_cat","embeddable":true,"href":"https:\/\/kimthusetlpi.com\/en\/wp-json\/wp\/v2\/product_cat?post=332"},{"taxonomy":"product_tag","embeddable":true,"href":"https:\/\/kimthusetlpi.com\/en\/wp-json\/wp\/v2\/product_tag?post=332"}],"curies":[{"name":"wp","href":"https:\/\/api.w.org\/{rel}","templated":true}]}}