{"id":350,"date":"2023-09-14T02:42:20","date_gmt":"2023-09-14T02:42:20","guid":{"rendered":"https:\/\/kimthusetlpi.com\/?post_type=product&#038;p=350"},"modified":"2026-01-09T09:08:14","modified_gmt":"2026-01-09T09:08:14","slug":"stormaster-ese-60-ss-kim-thu-set-ese-rp107m","status":"publish","type":"product","link":"https:\/\/kimthusetlpi.com\/en\/product\/stormaster-ese-60-ss-kim-thu-set-ese-rp107m\/","title":{"rendered":"Stormaster ESE-60-SS : Kim thu s\u00e9t ESE Rp=107m"},"content":{"rendered":"<h2>1. Gi\u1edbi thi\u1ec7u Stormaster <a href=\"https:\/\/kimthusetlpi.com\/en\/product\/stormaster-ese-60-ss-kim-thu-set-ese-rp107m\/\">ESE-60-SS : Kim thu s\u00e9t ESE Rp=107m<\/a><\/h2>\n<p>Kim thu s\u00e9t <a href=\"https:\/\/kimthusetlpi.com\/en\/product\/stormaster-ese-60-ss-kim-thu-set-ese-rp107m\/\">LPI Stormaster ESE-60-SS<\/a> b\u00e1n k\u00ednh b\u1ea3o v\u1ec7 95m hay c\u00f2n g\u1ecdi l\u00e0 C\u1ed9t thu l\u00f4i, c\u1ed9t ch\u1ed1ng s\u00e9t l\u00e0 m\u1ed9t thi\u1ebft b\u1ecb b\u1eb1ng kim lo\u1ea1i b\u1eb1ng Stainless steel (th\u00e9p kh\u00f4ng r\u1ec9 316) \u0111\u01b0\u1ee3c g\u1eafn tr\u00ean \u0111\u1ec9nh c\u1ee7a m\u1ed9t t\u00f2a nh\u00e0. Kim thu s\u00e9t LPI Stormaster ESE 60 SS thu\u1ed9c d\u00f2ng Kim ph\u00e1t Tia Ti\u00ean \u0110\u1ea1o s\u1edbm (ESE)<\/p>\n<p>\u0110\u1ed1i v\u1edbi kim thu s\u00e9t tia ti\u00ean \u0111\u1ea1o, lo\u1ea1i kim n\u00e0y s\u1eed d\u1ee5ng c\u00f4ng ngh\u1ec7 ph\u00e1t tia ti\u00ean \u0111\u1ea1o hi\u1ec7n \u0111\u1ea1i n\u00ean c\u00f3 c\u00f3 r\u1ea5t nhi\u1ec1u \u01b0u \u0111i\u1ec3m nh\u01b0:<br \/>\n\u2013 \u0110\u1ea3m b\u1ea3o an to\u00e0n cao trong vi\u1ec7c ph\u00f2ng ch\u1ed1ng tia s\u00e9t \u0111\u00e1nh th\u1eb3ng<br \/>\n\u2013 C\u00f3 th\u1ec3 ch\u1ee7 \u0111\u1ed9ng h\u00fat s\u00e9t v\u00e0o b\u1ea7u kim \u0111\u1ea3m b\u1ea3o an to\u00e0n cho c\u00f4ng tr\u00ecnh \u0111\u01b0\u1ee3c b\u1ea3o v\u1ec7<br \/>\n\u2013 C\u00f4ng t\u00e1c thi c\u00f4ng nhanh g\u1ecdn v\u00e0 \u0111\u01a1n gi\u1ea3n<br \/>\n\u2013 Tu\u1ed5i th\u1ecd cao v\u00e0 \u00edt ph\u1ea3i b\u1ea3o d\u01b0\u1ee1ng<br \/>\n\u2013 V\u00f9ng ho\u1ea1t \u0111\u1ed9ng c\u1ee7a m\u1ed7i kim r\u1ed9ng.<br \/>\n\u2013 Ch\u1ec9 c\u1ea7n d\u00f9ng m\u1ed9t kim tr\u00ean m\u1ed9t c\u00f4ng tr\u00ecnh, n\u00ean gi\u00fap ti\u1ebft ki\u1ec7m chi ph\u00ed l\u1eafp \u0111\u1eb7t<br \/>\n\u2013 Thi\u1ebft k\u1ebft \u0111\u1eb9p m\u1eaft \u0111\u1ea3m b\u1ea3o m\u1ef9 quan cho c\u00f4ng tr\u00ecnh<\/p>\n<h2><strong>2. H\u01b0\u1edbng d\u1eabn c\u00e1ch l\u1eafp \u0111\u1eb7t Stormaster ESE-60-SS : Kim thu s\u00e9t ESE Rp=107m<\/strong><\/h2>\n<ul>\n<li>L\u1eafp \u0111\u1eb7t\u00a0<strong>Kim thu s\u00e9t LPI Stormaster ESE-60-SS<\/strong>\u00a0l\u00e0 m\u1ed9t quy tr\u00ecnh kh\u00f4ng qu\u00e1 ph\u1ee9c t\u1ea1p, nh\u01b0ng \u0111i\u1ec1u quan tr\u1ecdng l\u00e0 ph\u1ea3i l\u00e0m theo h\u01b0\u1edbng d\u1eabn k\u1ef9 thu\u1eadt \u0111\u1ec3 \u0111\u1ea3m b\u1ea3o r\u1eb1ng kim thu s\u00e9t \u0111\u01b0\u1ee3c l\u1eafp \u0111\u1eb7t ch\u00ednh x\u00e1c. Sau \u0111\u00e2y l\u00e0 c\u00e1c b\u01b0\u1edbc th\u1ef1c hi\u1ec7n khi l\u1eafp \u0111\u1eb7t <strong>Kim thu s\u00e9t Stormaster ESE 60 SS<\/strong><\/li>\n<li>Ch\u1ecdn v\u1ecb tr\u00ed l\u1eafp \u0111\u1eb7t ph\u00f9 h\u1ee3p: Kim thu s\u00e9t n\u00ean \u0111\u01b0\u1ee3c l\u1eafp \u0111\u1eb7t \u1edf v\u1ecb tr\u00ed \u0111\u1ee7 cao \u0111\u1ec3 \u0111\u1ea3m b\u1ea3o b\u00e1n k\u00ednh b\u1ea3o v\u1ec7. \u0110\u1ed9 cao ti\u00eau chu\u1ea9n l\u00e0 <strong>5m<\/strong> so v\u1edbi v\u1ecb tr\u00ed cao nh\u1ea5t c\u1ea7n b\u1ea3o v\u1ec7 c\u1ee7a c\u00f4ng tr\u00ecnh.<\/li>\n<li>Chu\u1ea9n b\u1ecb \u0111\u1ecba \u0111i\u1ec3m: D\u1ecdn s\u1ea1ch r\u00e1c v\u00e0 san b\u1eb1ng m\u1eb7t \u0111\u1ea5t \u0111\u1ec3 \u0111\u1ea3m b\u1ea3o r\u1eb1ng kim thu s\u00e9t c\u00f3 th\u1ec3 \u0111\u01b0\u1ee3c l\u1eafp \u0111\u1eb7t an to\u00e0n.<\/li>\n<li>G\u1eafn kim thu s\u00e9t: K\u1ebft n\u1ed1i kim thu s\u00e9t v\u1edbi \u0111\u1ebf b\u1eb1ng tr\u1ee5 \u0111\u1ee1 kim. \u0110\u1ea3m b\u1ea3o r\u1eb1ng kim thu s\u00e9t \u0111\u01b0\u1ee3c g\u1eafn ch\u1eafc ch\u1eafn v\u00e0 kh\u00f4ng b\u1ecb gi\u00f3 lay khi l\u1eafp \u0111\u1eb7t.<\/li>\n<li>\u0110\u1ea5u n\u1ed1i h\u1ec7 th\u1ed1ng ti\u1ebfp \u0111\u1ea5t: \u0110\u1ea5u n\u1ed1i h\u1ec7 th\u1ed1ng ti\u1ebfp \u0111\u1ea5t (b\u00e3i ti\u1ebfp \u0111\u1ecba) v\u1edbi kim thu s\u00e9t b\u1eb1ng d\u00e2y c\u00e1p \u0111\u1ed3ng \u0111\u1ea3m b\u1ea3o r\u1eb1ng n\u00f3 c\u00f3 th\u1ec3 truy\u1ec1n n\u0103ng l\u01b0\u1ee3ng \u0111i\u1ec7n xu\u1ed1ng \u0111\u1ea5t m\u1ed9t c\u00e1ch an to\u00e0n.<\/li>\n<li>Ki\u1ec3m tra h\u1ec7 th\u1ed1ng: Sau khi kim thu s\u00e9t \u0111\u01b0\u1ee3c l\u1eafp \u0111\u1eb7t, h\u00e3y Ki\u1ec3m tra \u0111i\u1ec7n tr\u1edf b\u00e3i ti\u1ebfp \u0111\u1ecba &lt;10 Ohm \u0111\u1ec3 \u0111\u1ea3m b\u1ea3o h\u1ec7 th\u1ed1ng ho\u1ea1t \u0111\u1ed9ng b\u00ecnh th\u01b0\u1eddng<\/li>\n<\/ul>\n<p><img loading=\"lazy\" decoding=\"async\" class=\"size-full wp-image-230\" title=\"Kim thu s\u00e9t LPI ESE-15SS b\u00e1n k\u00ednh b\u1ea3o v\u1ec7 51m\" src=\"https:\/\/kimthusetlpi.com\/wp-content\/uploads\/2023\/09\/kim-thu-set-lpi-ese-15ss-ban-kinh-bao-ve-51m.webp\" alt=\"Kim thu s\u00e9t LPI ESE-15SS b\u00e1n k\u00ednh b\u1ea3o v\u1ec7 51m\" width=\"1200\" height=\"800\" srcset=\"https:\/\/kimthusetlpi.com\/wp-content\/uploads\/2023\/09\/kim-thu-set-lpi-ese-15ss-ban-kinh-bao-ve-51m.webp 1200w, https:\/\/kimthusetlpi.com\/wp-content\/uploads\/2023\/09\/kim-thu-set-lpi-ese-15ss-ban-kinh-bao-ve-51m-600x400.webp 600w, https:\/\/kimthusetlpi.com\/wp-content\/uploads\/2023\/09\/kim-thu-set-lpi-ese-15ss-ban-kinh-bao-ve-51m-768x512.webp 768w\" sizes=\"auto, (max-width: 1200px) 100vw, 1200px\" \/><\/p>\n<h3>C\u00e1c d\u00f2ng kim thu s\u00e9t LPI hi\u1ec7n nay:<\/h3>\n<table style=\"width: 48.1194%; height: 113px;\">\n<tbody>\n<tr class=\"ztXv9\" style=\"height: 21px;\">\n<th style=\"height: 21px; width: 51.3043%;\">M\u00e3\u00a0<b>kim thu s\u00e9t<\/b><\/th>\n<th style=\"height: 21px; width: 25%;\">B\u00e1n k\u00ednh b\u1ea3o v\u1ec7<\/th>\n<th style=\"height: 21px; width: 21.9565%;\">Gi\u00e1 list (<b>\u0111\u1ed3ng<\/b>)<\/th>\n<\/tr>\n<tr style=\"height: 21px;\">\n<td style=\"height: 21px; width: 51.3043%;\"><a href=\"https:\/\/kimthusetlpi.com\/en\/product\/kim-thu-set-lpi-stormaster-ese-15-ss\/\"><b>Kim<\/b>\u00a0Stormaster ESE15 \/ ESE15-SS<\/a><\/td>\n<td style=\"height: 21px; width: 25%;\">13m &#8211; 56m<\/td>\n<td style=\"height: 21px; width: 21.9565%;\">3.150.000<\/td>\n<\/tr>\n<tr style=\"height: 29px;\">\n<td style=\"height: 29px; width: 51.3043%;\"><b>Kim<\/b> Stormaster ESE30 \/ ESE30-SS<\/td>\n<td style=\"height: 29px; width: 25%;\">19m &#8211; 75m<\/td>\n<td style=\"height: 29px; width: 21.9565%;\">4.450.000<\/td>\n<\/tr>\n<tr style=\"height: 21px;\">\n<td style=\"height: 21px; width: 51.3043%;\"><b>Kim<\/b>\u00a0Stormaster ESE50 \/ ESE50-SS<\/td>\n<td style=\"height: 21px; width: 25%;\">27m &#8211; 98m<\/td>\n<td style=\"height: 21px; width: 21.9565%;\">6.250.000<\/td>\n<\/tr>\n<tr style=\"height: 21px;\">\n<td style=\"height: 21px; width: 51.3043%;\"><b>Kim<\/b>\u00a0Stormaster ESE60 \/ ESE60-SS<\/td>\n<td style=\"height: 21px; width: 25%;\">31m &#8211; 109m<\/td>\n<td style=\"height: 21px; width: 21.9565%;\">12.500.000<\/td>\n<\/tr>\n<\/tbody>\n<\/table>","protected":false},"excerpt":{"rendered":"<div id=\"text-1787428555\" class=\"text\">\n<div class=\"product-title-container\">\n<h1 class=\"product-title product_title entry-title\">Stormaster ESE-60-SS : Kim thu s\u00e9t ESE Rp=107m<\/h1>\n<\/div>\n<\/div>\n<div id=\"row-930551299\" class=\"row row-small\">\n<div id=\"col-1945835191\" class=\"col medium-6 small-12 large-6\">\n<div class=\"col-inner\">\n<div class=\"product-short-description\">\n<table width=\"568\">\n<tbody>\n<tr>\n<td width=\"162\">\u2705 B\u00e1n k\u00ednh b\u1ea3o v\u1ec7:<\/td>\n<td width=\"210\"><strong>107 m\u00e9t<\/strong><\/td>\n<\/tr>\n<tr>\n<td>\u2705 H\u00e3ng s\u1ea3n xu\u1ea5t<\/td>\n<td><strong>LPI<\/strong><\/td>\n<\/tr>\n<tr>\n<td>\u2705 Xu\u1ea5t x\u1ee9<\/td>\n<td><strong>Autralia (\u00dac)<\/strong><\/td>\n<\/tr>\n<tr>\n<td>\u2705 K\u00edch th\u01b0\u1edbc<\/td>\n<td><strong>644 x \u00d8205mm<\/strong><\/td>\n<\/tr>\n<tr>\n<td>\u2705 Kh\u1ed1i l\u01b0\u1ee3ng<\/td>\n<td><strong>3kg<\/strong><\/td>\n<\/tr>\n<tr>\n<td>\u2705 B\u1ea3o h\u00e0nh<\/td>\n<td><strong>12 th\u00e1ng (K\u00e8m COCQ)<\/strong><\/td>\n<\/tr>\n<tr>\n<td>\u2705 Ghi ch\u00fa<\/td>\n<td><strong>K\u00e8m kh\u1edbp n\u1ed1i ch\u00ednh h\u00e3ng<\/strong><\/td>\n<\/tr>\n<\/tbody>\n<\/table>\n<\/div>\n<\/div>\n<\/div>\n<\/div>","protected":false},"featured_media":282,"comment_status":"open","ping_status":"closed","template":"","meta":[],"product_cat":[89,17],"product_tag":[],"class_list":["post-350","product","type-product","status-publish","has-post-thumbnail","hentry","product_cat-kim-chong-set","product_cat-kim-thu-set"],"yoast_head":"<!-- This site is optimized with the Yoast SEO Premium plugin v20.5 (Yoast SEO v20.5) - https:\/\/yoast.com\/wordpress\/plugins\/seo\/ -->\n<title>Stormaster ESE-60-SS : Kim thu s\u00e9t ESE Rp=107m - Kim thu s\u00e9t LPI<\/title>\n<meta name=\"description\" content=\"Kim thu s\u00e9t LPI ESE-60SS hay c\u00f2n g\u1ecdi l\u00e0 C\u1ed9t thu l\u00f4i Stormaster, c\u1ed9t ch\u1ed1ng s\u00e9t l\u00e0 m\u1ed9t thi\u1ebft b\u1ecb b\u1eb1ng kim lo\u1ea1i b\u1eb1ng Stainless steel (th\u00e9p kh\u00f4ng r\u1ec9 316)\" \/>\n<meta name=\"robots\" content=\"index, follow, max-snippet:-1, max-image-preview:large, max-video-preview:-1\" \/>\n<link rel=\"canonical\" href=\"https:\/\/kimthusetlpi.com\/en\/product\/stormaster-ese-60-ss-kim-thu-set-ese-rp107m\/\" \/>\n<meta property=\"og:locale\" content=\"en_US\" \/>\n<meta property=\"og:type\" content=\"article\" \/>\n<meta property=\"og:title\" content=\"Stormaster ESE-60-SS : Kim thu s\u00e9t ESE Rp=107m\" \/>\n<meta property=\"og:description\" content=\"Kim thu s\u00e9t LPI ESE-60SS hay c\u00f2n g\u1ecdi l\u00e0 C\u1ed9t thu l\u00f4i Stormaster, c\u1ed9t ch\u1ed1ng s\u00e9t l\u00e0 m\u1ed9t thi\u1ebft b\u1ecb b\u1eb1ng kim lo\u1ea1i b\u1eb1ng Stainless steel (th\u00e9p kh\u00f4ng r\u1ec9 316)\" \/>\n<meta property=\"og:url\" content=\"https:\/\/kimthusetlpi.com\/en\/product\/stormaster-ese-60-ss-kim-thu-set-ese-rp107m\/\" \/>\n<meta property=\"og:site_name\" content=\"Kim thu s\u00e9t LPI\" \/>\n<meta property=\"article:publisher\" content=\"https:\/\/www.facebook.com\/chongsetspd\" \/>\n<meta property=\"article:modified_time\" content=\"2026-01-09T09:08:14+00:00\" \/>\n<meta property=\"og:image\" content=\"https:\/\/kimthusetlpi.com\/wp-content\/uploads\/2023\/09\/Kim-thu-set-LPI-ESE-60SS-kim-chong-set-stormaster-5.jpg\" \/>\n\t<meta property=\"og:image:width\" content=\"720\" \/>\n\t<meta property=\"og:image:height\" content=\"720\" \/>\n\t<meta property=\"og:image:type\" content=\"image\/jpeg\" \/>\n<meta name=\"twitter:card\" content=\"summary_large_image\" \/>\n<meta name=\"twitter:site\" content=\"@IENSOLAR\" \/>\n<meta name=\"twitter:label1\" content=\"Est. reading time\" \/>\n\t<meta name=\"twitter:data1\" content=\"3 minutes\" \/>\n<script type=\"application\/ld+json\" class=\"yoast-schema-graph\">{\"@context\":\"https:\/\/schema.org\",\"@graph\":[{\"@type\":\"WebPage\",\"@id\":\"https:\/\/kimthusetlpi.com\/product\/stormaster-ese-60-ss-kim-thu-set-ese-rp107m\/\",\"url\":\"https:\/\/kimthusetlpi.com\/product\/stormaster-ese-60-ss-kim-thu-set-ese-rp107m\/\",\"name\":\"Stormaster ESE-60-SS : Kim thu s\u00e9t ESE Rp=107m - Kim thu s\u00e9t LPI\",\"isPartOf\":{\"@id\":\"https:\/\/kimthusetlpi.com\/#website\"},\"datePublished\":\"2023-09-14T02:42:20+00:00\",\"dateModified\":\"2026-01-09T09:08:14+00:00\",\"description\":\"Kim thu s\u00e9t LPI ESE-60SS hay c\u00f2n g\u1ecdi l\u00e0 C\u1ed9t thu l\u00f4i Stormaster, c\u1ed9t ch\u1ed1ng s\u00e9t l\u00e0 m\u1ed9t thi\u1ebft b\u1ecb b\u1eb1ng kim lo\u1ea1i b\u1eb1ng Stainless steel (th\u00e9p kh\u00f4ng r\u1ec9 316)\",\"breadcrumb\":{\"@id\":\"https:\/\/kimthusetlpi.com\/product\/stormaster-ese-60-ss-kim-thu-set-ese-rp107m\/#breadcrumb\"},\"inLanguage\":\"en-US\",\"potentialAction\":[{\"@type\":\"ReadAction\",\"target\":[\"https:\/\/kimthusetlpi.com\/product\/stormaster-ese-60-ss-kim-thu-set-ese-rp107m\/\"]}]},{\"@type\":\"BreadcrumbList\",\"@id\":\"https:\/\/kimthusetlpi.com\/product\/stormaster-ese-60-ss-kim-thu-set-ese-rp107m\/#breadcrumb\",\"itemListElement\":[{\"@type\":\"ListItem\",\"position\":1,\"name\":\"Home\",\"item\":\"https:\/\/kimthusetlpi.com\/\"},{\"@type\":\"ListItem\",\"position\":2,\"name\":\"Shop\",\"item\":\"https:\/\/kimthusetlpi.com\/shop\/\"},{\"@type\":\"ListItem\",\"position\":3,\"name\":\"Stormaster ESE-60-SS : Kim thu s\u00e9t ESE Rp=107m\"}]},{\"@type\":\"WebSite\",\"@id\":\"https:\/\/kimthusetlpi.com\/#website\",\"url\":\"https:\/\/kimthusetlpi.com\/\",\"name\":\"Kim thu s\u00e9t LPI\",\"description\":\"Kim thu s\u00e9t LPI - Ch\u1ed1ng s\u00e9t LPI\",\"publisher\":{\"@id\":\"https:\/\/kimthusetlpi.com\/#organization\"},\"potentialAction\":[{\"@type\":\"SearchAction\",\"target\":{\"@type\":\"EntryPoint\",\"urlTemplate\":\"https:\/\/kimthusetlpi.com\/?s={search_term_string}\"},\"query-input\":\"required name=search_term_string\"}],\"inLanguage\":\"en-US\"},{\"@type\":\"Organization\",\"@id\":\"https:\/\/kimthusetlpi.com\/#organization\",\"name\":\"Kim thu s\u00e9t LPI\",\"url\":\"https:\/\/kimthusetlpi.com\/\",\"logo\":{\"@type\":\"ImageObject\",\"inLanguage\":\"en-US\",\"@id\":\"https:\/\/kimthusetlpi.com\/#\/schema\/logo\/image\/\",\"url\":\"https:\/\/kimthusetlpi.com\/wp-content\/uploads\/2023\/09\/logo.png\",\"contentUrl\":\"https:\/\/kimthusetlpi.com\/wp-content\/uploads\/2023\/09\/logo.png\",\"width\":176,\"height\":75,\"caption\":\"Kim thu s\u00e9t LPI\"},\"image\":{\"@id\":\"https:\/\/kimthusetlpi.com\/#\/schema\/logo\/image\/\"},\"sameAs\":[\"https:\/\/www.facebook.com\/chongsetspd\",\"https:\/\/twitter.com\/IENSOLAR\"]}]}<\/script>\n<!-- \/ Yoast SEO Premium plugin. -->","yoast_head_json":{"title":"Stormaster ESE-60-SS : Kim thu s\u00e9t ESE Rp=107m - Kim thu s\u00e9t LPI","description":"Kim thu s\u00e9t LPI ESE-60SS hay c\u00f2n g\u1ecdi l\u00e0 C\u1ed9t thu l\u00f4i Stormaster, c\u1ed9t ch\u1ed1ng s\u00e9t l\u00e0 m\u1ed9t thi\u1ebft b\u1ecb b\u1eb1ng kim lo\u1ea1i b\u1eb1ng Stainless steel (th\u00e9p kh\u00f4ng r\u1ec9 316)","robots":{"index":"index","follow":"follow","max-snippet":"max-snippet:-1","max-image-preview":"max-image-preview:large","max-video-preview":"max-video-preview:-1"},"canonical":"https:\/\/kimthusetlpi.com\/en\/product\/stormaster-ese-60-ss-kim-thu-set-ese-rp107m\/","og_locale":"en_US","og_type":"article","og_title":"Stormaster ESE-60-SS : Kim thu s\u00e9t ESE Rp=107m","og_description":"Kim thu s\u00e9t LPI ESE-60SS hay c\u00f2n g\u1ecdi l\u00e0 C\u1ed9t thu l\u00f4i Stormaster, c\u1ed9t ch\u1ed1ng s\u00e9t l\u00e0 m\u1ed9t thi\u1ebft b\u1ecb b\u1eb1ng kim lo\u1ea1i b\u1eb1ng Stainless steel (th\u00e9p kh\u00f4ng r\u1ec9 316)","og_url":"https:\/\/kimthusetlpi.com\/en\/product\/stormaster-ese-60-ss-kim-thu-set-ese-rp107m\/","og_site_name":"Kim thu s\u00e9t LPI","article_publisher":"https:\/\/www.facebook.com\/chongsetspd","article_modified_time":"2026-01-09T09:08:14+00:00","og_image":[{"width":720,"height":720,"url":"https:\/\/kimthusetlpi.com\/wp-content\/uploads\/2023\/09\/Kim-thu-set-LPI-ESE-60SS-kim-chong-set-stormaster-5.jpg","type":"image\/jpeg"}],"twitter_card":"summary_large_image","twitter_site":"@IENSOLAR","twitter_misc":{"Est. reading time":"3 minutes"},"schema":{"@context":"https:\/\/schema.org","@graph":[{"@type":"WebPage","@id":"https:\/\/kimthusetlpi.com\/product\/stormaster-ese-60-ss-kim-thu-set-ese-rp107m\/","url":"https:\/\/kimthusetlpi.com\/product\/stormaster-ese-60-ss-kim-thu-set-ese-rp107m\/","name":"Stormaster ESE-60-SS : Kim thu s\u00e9t ESE Rp=107m - Kim thu s\u00e9t LPI","isPartOf":{"@id":"https:\/\/kimthusetlpi.com\/#website"},"datePublished":"2023-09-14T02:42:20+00:00","dateModified":"2026-01-09T09:08:14+00:00","description":"Kim thu s\u00e9t LPI ESE-60SS hay c\u00f2n g\u1ecdi l\u00e0 C\u1ed9t thu l\u00f4i Stormaster, c\u1ed9t ch\u1ed1ng s\u00e9t l\u00e0 m\u1ed9t thi\u1ebft b\u1ecb b\u1eb1ng kim lo\u1ea1i b\u1eb1ng Stainless steel (th\u00e9p kh\u00f4ng r\u1ec9 316)","breadcrumb":{"@id":"https:\/\/kimthusetlpi.com\/product\/stormaster-ese-60-ss-kim-thu-set-ese-rp107m\/#breadcrumb"},"inLanguage":"en-US","potentialAction":[{"@type":"ReadAction","target":["https:\/\/kimthusetlpi.com\/product\/stormaster-ese-60-ss-kim-thu-set-ese-rp107m\/"]}]},{"@type":"BreadcrumbList","@id":"https:\/\/kimthusetlpi.com\/product\/stormaster-ese-60-ss-kim-thu-set-ese-rp107m\/#breadcrumb","itemListElement":[{"@type":"ListItem","position":1,"name":"Home","item":"https:\/\/kimthusetlpi.com\/"},{"@type":"ListItem","position":2,"name":"Shop","item":"https:\/\/kimthusetlpi.com\/shop\/"},{"@type":"ListItem","position":3,"name":"Stormaster ESE-60-SS : Kim thu s\u00e9t ESE Rp=107m"}]},{"@type":"WebSite","@id":"https:\/\/kimthusetlpi.com\/#website","url":"https:\/\/kimthusetlpi.com\/","name":"Kim thu s\u00e9t LPI","description":"Kim thu s\u00e9t LPI - Ch\u1ed1ng s\u00e9t LPI","publisher":{"@id":"https:\/\/kimthusetlpi.com\/#organization"},"potentialAction":[{"@type":"SearchAction","target":{"@type":"EntryPoint","urlTemplate":"https:\/\/kimthusetlpi.com\/?s={search_term_string}"},"query-input":"required name=search_term_string"}],"inLanguage":"en-US"},{"@type":"Organization","@id":"https:\/\/kimthusetlpi.com\/#organization","name":"Kim thu s\u00e9t LPI","url":"https:\/\/kimthusetlpi.com\/","logo":{"@type":"ImageObject","inLanguage":"en-US","@id":"https:\/\/kimthusetlpi.com\/#\/schema\/logo\/image\/","url":"https:\/\/kimthusetlpi.com\/wp-content\/uploads\/2023\/09\/logo.png","contentUrl":"https:\/\/kimthusetlpi.com\/wp-content\/uploads\/2023\/09\/logo.png","width":176,"height":75,"caption":"Kim thu s\u00e9t LPI"},"image":{"@id":"https:\/\/kimthusetlpi.com\/#\/schema\/logo\/image\/"},"sameAs":["https:\/\/www.facebook.com\/chongsetspd","https:\/\/twitter.com\/IENSOLAR"]}]}},"_links":{"self":[{"href":"https:\/\/kimthusetlpi.com\/en\/wp-json\/wp\/v2\/product\/350","targetHints":{"allow":["GET"]}}],"collection":[{"href":"https:\/\/kimthusetlpi.com\/en\/wp-json\/wp\/v2\/product"}],"about":[{"href":"https:\/\/kimthusetlpi.com\/en\/wp-json\/wp\/v2\/types\/product"}],"replies":[{"embeddable":true,"href":"https:\/\/kimthusetlpi.com\/en\/wp-json\/wp\/v2\/comments?post=350"}],"wp:featuredmedia":[{"embeddable":true,"href":"https:\/\/kimthusetlpi.com\/en\/wp-json\/wp\/v2\/media\/282"}],"wp:attachment":[{"href":"https:\/\/kimthusetlpi.com\/en\/wp-json\/wp\/v2\/media?parent=350"}],"wp:term":[{"taxonomy":"product_cat","embeddable":true,"href":"https:\/\/kimthusetlpi.com\/en\/wp-json\/wp\/v2\/product_cat?post=350"},{"taxonomy":"product_tag","embeddable":true,"href":"https:\/\/kimthusetlpi.com\/en\/wp-json\/wp\/v2\/product_tag?post=350"}],"curies":[{"name":"wp","href":"https:\/\/api.w.org\/{rel}","templated":true}]}}